{"id":868,"date":"2025-12-18T15:47:44","date_gmt":"2025-12-18T15:47:44","guid":{"rendered":"https:\/\/esmayolet.com\/?page_id=868"},"modified":"2026-04-24T15:29:43","modified_gmt":"2026-04-24T15:29:43","slug":"blog","status":"publish","type":"page","link":"https:\/\/esmayolet.com\/de\/blog\/","title":{"rendered":"Blog"},"content":{"rendered":"<div data-elementor-type=\"wp-page\" data-elementor-id=\"868\" class=\"elementor elementor-868\" data-elementor-post-type=\"page\">\n\t\t\t\t<div class=\"elementor-element elementor-element-1040c466 e-flex e-con-boxed wpr-particle-no wpr-jarallax-no wpr-parallax-no wpr-sticky-section-no wpr-equal-height-no e-con e-parent\" data-id=\"1040c466\" data-element_type=\"container\" data-e-type=\"container\" data-settings=\"{&quot;background_background&quot;:&quot;classic&quot;}\">\n\t\t\t\t\t<div class=\"e-con-inner\">\n\t\t<div class=\"elementor-element elementor-element-651eaf99 e-flex e-con-boxed wpr-particle-no wpr-jarallax-no wpr-parallax-no wpr-sticky-section-no wpr-equal-height-no e-con e-child\" data-id=\"651eaf99\" data-element_type=\"container\" data-e-type=\"container\">\n\t\t\t\t\t<div class=\"e-con-inner\">\n\t\t\t\t<div class=\"elementor-element elementor-element-4951b408 elementor-widget elementor-widget-heading\" data-id=\"4951b408\" data-element_type=\"widget\" data-e-type=\"widget\" data-widget_type=\"heading.default\">\n\t\t\t\t<div class=\"elementor-widget-container\">\n\t\t\t\t\t<h1 class=\"elementor-heading-title elementor-size-default\">Blog<\/h1>\t\t\t\t<\/div>\n\t\t\t\t<\/div>\n\t\t\t\t<div class=\"elementor-element elementor-element-40765b7c elementor-widget elementor-widget-text-editor\" data-id=\"40765b7c\" data-element_type=\"widget\" data-e-type=\"widget\" data-widget_type=\"text-editor.default\">\n\t\t\t\t<div class=\"elementor-widget-container\">\n\t\t\t\t\t\t\t\t\t<p>Geschichten, Erlebnisse und das Leben auf Mallorca und auf dem agrotourismus<\/p>\t\t\t\t\t\t\t\t<\/div>\n\t\t\t\t<\/div>\n\t\t\t\t\t<\/div>\n\t\t\t\t<\/div>\n\t\t\t\t\t<\/div>\n\t\t\t\t<\/div>\n\t\t<div class=\"elementor-element elementor-element-9721ff3 e-flex e-con-boxed wpr-particle-no wpr-jarallax-no wpr-parallax-no wpr-sticky-section-no wpr-equal-height-no e-con e-parent\" data-id=\"9721ff3\" data-element_type=\"container\" data-e-type=\"container\">\n\t\t\t\t\t<div class=\"e-con-inner\">\n\t\t\t\t<div class=\"elementor-element elementor-element-229b873 elementor-grid-3 elementor-grid-tablet-2 elementor-grid-mobile-1 elementor-posts--thumbnail-top elementor-widget elementor-widget-posts\" data-id=\"229b873\" data-element_type=\"widget\" data-e-type=\"widget\" data-settings=\"{&quot;classic_row_gap&quot;:{&quot;unit&quot;:&quot;px&quot;,&quot;size&quot;:30,&quot;sizes&quot;:[]},&quot;classic_row_gap_mobile&quot;:{&quot;unit&quot;:&quot;px&quot;,&quot;size&quot;:25,&quot;sizes&quot;:[]},&quot;classic_columns&quot;:&quot;3&quot;,&quot;classic_columns_tablet&quot;:&quot;2&quot;,&quot;classic_columns_mobile&quot;:&quot;1&quot;,&quot;classic_row_gap_tablet&quot;:{&quot;unit&quot;:&quot;px&quot;,&quot;size&quot;:&quot;&quot;,&quot;sizes&quot;:[]}}\" data-widget_type=\"posts.classic\">\n\t\t\t\t<div class=\"elementor-widget-container\">\n\t\t\t\t\t\t\t<div class=\"elementor-posts-container elementor-posts elementor-posts--skin-classic elementor-grid\" role=\"list\">\n\t\t\t\t<article class=\"elementor-post elementor-grid-item post-1851 post type-post status-publish format-standard has-post-thumbnail hentry category-uncategorized\" role=\"listitem\">\n\t\t\t\t<a class=\"elementor-post__thumbnail__link\" href=\"https:\/\/esmayolet.com\/de\/pueblos-con-encanto-en-mallorca-vive-la-isla-mas-alla-de-la-playa\/\" tabindex=\"-1\" >\n\t\t\t<div class=\"elementor-post__thumbnail\"><img fetchpriority=\"high\" decoding=\"async\" width=\"800\" height=\"533\" src=\"https:\/\/esmayolet.com\/wp-content\/uploads\/2026\/01\/pueblos-con-encanto-en-Mallorca-1024x682.jpg\" class=\"attachment-large size-large wp-image-1852\" alt=\"Entdecken Sie die authentischsten und charmantesten D\u00f6rfer Mallorcas, von der Serra de Tramuntana bis zum l\u00e4ndlichen Hinterland.\" srcset=\"https:\/\/esmayolet.com\/wp-content\/uploads\/2026\/01\/pueblos-con-encanto-en-Mallorca-1024x682.jpg 1024w, https:\/\/esmayolet.com\/wp-content\/uploads\/2026\/01\/pueblos-con-encanto-en-Mallorca-300x200.jpg 300w, https:\/\/esmayolet.com\/wp-content\/uploads\/2026\/01\/pueblos-con-encanto-en-Mallorca-768x511.jpg 768w, https:\/\/esmayolet.com\/wp-content\/uploads\/2026\/01\/pueblos-con-encanto-en-Mallorca-18x12.jpg 18w, https:\/\/esmayolet.com\/wp-content\/uploads\/2026\/01\/pueblos-con-encanto-en-Mallorca.jpg 1280w\" sizes=\"(max-width: 800px) 100vw, 800px\" \/><\/div>\n\t\t<\/a>\n\t\t\t\t<div class=\"elementor-post__text\">\n\t\t\t\t<h2 class=\"elementor-post__title\">\n\t\t\t<a href=\"https:\/\/esmayolet.com\/de\/pueblos-con-encanto-en-mallorca-vive-la-isla-mas-alla-de-la-playa\/\" >\n\t\t\t\tCharmante D\u00f6rfer auf Mallorca: Erleben Sie die Insel jenseits der Str\u00e4nde\t\t\t<\/a>\n\t\t<\/h2>\n\t\t\t\t<div class=\"elementor-post__excerpt\">\n\t\t\t<p>Mallorca ist ber\u00fchmt f\u00fcr seine kristallklaren Str\u00e4nde, doch was viele Reisende wirklich fasziniert, liegt im Landesinneren. In kleinen Orten, eingebettet in Berge und T\u00e4ler, findet man D\u00f6rfer mit<\/p>\n\t\t<\/div>\n\t\t\n\t\t<a class=\"elementor-post__read-more\" href=\"https:\/\/esmayolet.com\/de\/pueblos-con-encanto-en-mallorca-vive-la-isla-mas-alla-de-la-playa\/\" aria-label=\"Mehr \u00fcber Pueblos con Encanto en Mallorca: Vive la Isla m\u00e1s all\u00e1 de la Playa\" tabindex=\"-1\" >\n\t\t\tMehr lesen &quot;\u00bb\t\t<\/a>\n\n\t\t\t\t<\/div>\n\t\t\t\t<\/article>\n\t\t\t\t<article class=\"elementor-post elementor-grid-item post-1847 post type-post status-publish format-standard has-post-thumbnail hentry category-uncategorized\" role=\"listitem\">\n\t\t\t\t<a class=\"elementor-post__thumbnail__link\" href=\"https:\/\/esmayolet.com\/de\/gastronomia-en-mallorca-guia-completa\/\" tabindex=\"-1\" >\n\t\t\t<div class=\"elementor-post__thumbnail\"><img decoding=\"async\" width=\"800\" height=\"533\" src=\"https:\/\/esmayolet.com\/wp-content\/uploads\/2026\/01\/gastronomia-en-mallorca-1024x682.jpg\" class=\"attachment-large size-large wp-image-1848\" alt=\"Gastronomie auf Mallorca: Entdecken Sie typische Gerichte, lokale Produkte und kulinarische Erlebnisse, um die mallorquinische K\u00fcche zu genie\u00dfen.\" srcset=\"https:\/\/esmayolet.com\/wp-content\/uploads\/2026\/01\/gastronomia-en-mallorca-1024x682.jpg 1024w, https:\/\/esmayolet.com\/wp-content\/uploads\/2026\/01\/gastronomia-en-mallorca-300x200.jpg 300w, https:\/\/esmayolet.com\/wp-content\/uploads\/2026\/01\/gastronomia-en-mallorca-768x511.jpg 768w, https:\/\/esmayolet.com\/wp-content\/uploads\/2026\/01\/gastronomia-en-mallorca-18x12.jpg 18w, https:\/\/esmayolet.com\/wp-content\/uploads\/2026\/01\/gastronomia-en-mallorca.jpg 1280w\" sizes=\"(max-width: 800px) 100vw, 800px\" \/><\/div>\n\t\t<\/a>\n\t\t\t\t<div class=\"elementor-post__text\">\n\t\t\t\t<h2 class=\"elementor-post__title\">\n\t\t\t<a href=\"https:\/\/esmayolet.com\/de\/gastronomia-en-mallorca-guia-completa\/\" >\n\t\t\t\tGastronomie auf Mallorca: Vollst\u00e4ndiger F\u00fchrer\t\t\t<\/a>\n\t\t<\/h2>\n\t\t\t\t<div class=\"elementor-post__excerpt\">\n\t\t\t<p>Wenn man an Mallorca denkt, hat man sofort Bilderbuchstr\u00e4nde, versteckte Buchten und D\u00f6rfer vor Augen, die wie in der Zeit eingefroren scheinen. Aber wenn es etwas gibt, das einen wirklich fesselt und zum Tr\u00e4umen bringt\u2026<\/p>\n\t\t<\/div>\n\t\t\n\t\t<a class=\"elementor-post__read-more\" href=\"https:\/\/esmayolet.com\/de\/gastronomia-en-mallorca-guia-completa\/\" aria-label=\"Mehr \u00fcber Gastronom\u00eda en Mallorca: Gu\u00eda Completa\" tabindex=\"-1\" >\n\t\t\tMehr lesen &quot;\u00bb\t\t<\/a>\n\n\t\t\t\t<\/div>\n\t\t\t\t<\/article>\n\t\t\t\t<article class=\"elementor-post elementor-grid-item post-1838 post type-post status-publish format-standard has-post-thumbnail hentry category-uncategorized\" role=\"listitem\">\n\t\t\t\t<a class=\"elementor-post__thumbnail__link\" href=\"https:\/\/esmayolet.com\/de\/cuales-son-los-mejores-vinos-de-mallorca\/\" tabindex=\"-1\" >\n\t\t\t<div class=\"elementor-post__thumbnail\"><img decoding=\"async\" width=\"800\" height=\"533\" src=\"https:\/\/esmayolet.com\/wp-content\/uploads\/2026\/01\/mejores-vinos-de-mallorca-1024x682.jpg\" class=\"attachment-large size-large wp-image-1839\" alt=\"Entdecken Sie die besten Weine Mallorcas: Weinkellereien, lokale Sorten, Herkunftsbezeichnungen und weintouristische Erfahrungen.\" srcset=\"https:\/\/esmayolet.com\/wp-content\/uploads\/2026\/01\/mejores-vinos-de-mallorca-1024x682.jpg 1024w, https:\/\/esmayolet.com\/wp-content\/uploads\/2026\/01\/mejores-vinos-de-mallorca-300x200.jpg 300w, https:\/\/esmayolet.com\/wp-content\/uploads\/2026\/01\/mejores-vinos-de-mallorca-768x511.jpg 768w, https:\/\/esmayolet.com\/wp-content\/uploads\/2026\/01\/mejores-vinos-de-mallorca-18x12.jpg 18w, https:\/\/esmayolet.com\/wp-content\/uploads\/2026\/01\/mejores-vinos-de-mallorca.jpg 1280w\" sizes=\"(max-width: 800px) 100vw, 800px\" \/><\/div>\n\t\t<\/a>\n\t\t\t\t<div class=\"elementor-post__text\">\n\t\t\t\t<h2 class=\"elementor-post__title\">\n\t\t\t<a href=\"https:\/\/esmayolet.com\/de\/cuales-son-los-mejores-vinos-de-mallorca\/\" >\n\t\t\t\tWelches sind die besten Weine von Mallorca?\t\t\t<\/a>\n\t\t<\/h2>\n\t\t\t\t<div class=\"elementor-post__excerpt\">\n\t\t\t<p>\u00dcber die besten Weine Mallorcas zu sprechen, bedeutet, die T\u00fcr zu einer Geschichte zu \u00f6ffnen, die mit Geduld, mediterranem Klima und einer guten Portion lokaler Leidenschaft entstanden ist.<\/p>\n\t\t<\/div>\n\t\t\n\t\t<a class=\"elementor-post__read-more\" href=\"https:\/\/esmayolet.com\/de\/cuales-son-los-mejores-vinos-de-mallorca\/\" aria-label=\"Mehr \u00fcber \u00bfCu\u00e1les son los Mejores Vinos de Mallorca?\" tabindex=\"-1\" >\n\t\t\tMehr lesen &quot;\u00bb\t\t<\/a>\n\n\t\t\t\t<\/div>\n\t\t\t\t<\/article>\n\t\t\t\t<article class=\"elementor-post elementor-grid-item post-1771 post type-post status-publish format-standard has-post-thumbnail hentry category-uncategorized\" role=\"listitem\">\n\t\t\t\t<a class=\"elementor-post__thumbnail__link\" href=\"https:\/\/esmayolet.com\/de\/que-hacer-en-una-escapada-rural-en-mallorca\/\" tabindex=\"-1\" >\n\t\t\t<div class=\"elementor-post__thumbnail\"><img loading=\"lazy\" decoding=\"async\" width=\"800\" height=\"534\" src=\"https:\/\/esmayolet.com\/wp-content\/uploads\/2025\/12\/Que-hacer-en-una-escapada-rural-en-Mallorca-1024x683.jpg\" class=\"attachment-large size-large wp-image-1772\" alt=\"Entdecken Sie, was Sie bei einem Urlaub auf dem Land auf Mallorca unternehmen k\u00f6nnen: Natur, reizvolle D\u00f6rfer, Routen, Gastronomie und Agrotourismus zum Abschalten.\" srcset=\"https:\/\/esmayolet.com\/wp-content\/uploads\/2025\/12\/Que-hacer-en-una-escapada-rural-en-Mallorca-1024x683.jpg 1024w, https:\/\/esmayolet.com\/wp-content\/uploads\/2025\/12\/Que-hacer-en-una-escapada-rural-en-Mallorca-300x200.jpg 300w, https:\/\/esmayolet.com\/wp-content\/uploads\/2025\/12\/Que-hacer-en-una-escapada-rural-en-Mallorca-768x512.jpg 768w, https:\/\/esmayolet.com\/wp-content\/uploads\/2025\/12\/Que-hacer-en-una-escapada-rural-en-Mallorca-18x12.jpg 18w, https:\/\/esmayolet.com\/wp-content\/uploads\/2025\/12\/Que-hacer-en-una-escapada-rural-en-Mallorca.jpg 1280w\" sizes=\"(max-width: 800px) 100vw, 800px\" \/><\/div>\n\t\t<\/a>\n\t\t\t\t<div class=\"elementor-post__text\">\n\t\t\t\t<h2 class=\"elementor-post__title\">\n\t\t\t<a href=\"https:\/\/esmayolet.com\/de\/que-hacer-en-una-escapada-rural-en-mallorca\/\" >\n\t\t\t\tWas man bei einem Ausflug aufs Land auf Mallorca unternehmen kann\t\t\t<\/a>\n\t\t<\/h2>\n\t\t\t\t<div class=\"elementor-post__excerpt\">\n\t\t\t<p>Mallorca ist nicht nur ein Sommerreiseziel. Sobald man sich von der K\u00fcste entfernt und ins Landesinnere vordringt, offenbart sich eine andere Insel: ruhiger, n\u00e4her und viel mehr.<\/p>\n\t\t<\/div>\n\t\t\n\t\t<a class=\"elementor-post__read-more\" href=\"https:\/\/esmayolet.com\/de\/que-hacer-en-una-escapada-rural-en-mallorca\/\" aria-label=\"Mehr \u00fcber Qu\u00e9 Hacer en una Escapada Rural en Mallorca\" tabindex=\"-1\" >\n\t\t\tMehr lesen &quot;\u00bb\t\t<\/a>\n\n\t\t\t\t<\/div>\n\t\t\t\t<\/article>\n\t\t\t\t<\/div>\n\t\t\n\t\t\t\t\t\t<\/div>\n\t\t\t\t<\/div>\n\t\t\t\t\t<\/div>\n\t\t\t\t<\/div>\n\t\t\t\t<\/div>","protected":false},"excerpt":{"rendered":"<p>Blog Historias, experiencias y vida en Mallorca y en la finca<\/p>","protected":false},"author":1,"featured_media":0,"parent":0,"menu_order":0,"comment_status":"closed","ping_status":"closed","template":"elementor_header_footer","meta":{"postBodyCss":"","postBodyMargin":[],"postBodyPadding":[],"postBodyBackground":{"backgroundType":"classic","gradient":""},"_joinchat":[],"footnotes":""},"class_list":["post-868","page","type-page","status-publish","hentry"],"yoast_head":"<!-- This site is optimized with the Yoast SEO plugin v27.5 - https:\/\/yoast.com\/product\/yoast-seo-wordpress\/ -->\n<title>Blog - Finca Es Mayolet<\/title>\n<meta name=\"description\" content=\"Blog de Es Mayolet con historias, experiencias y vida en la finca para inspirarte a vivir Mallorca con calma y autenticidad.\" \/>\n<meta name=\"robots\" content=\"index, follow, max-snippet:-1, max-image-preview:large, max-video-preview:-1\" \/>\n<link rel=\"canonical\" href=\"https:\/\/esmayolet.com\/de\/blog\/\" \/>\n<meta property=\"og:locale\" content=\"de_DE\" \/>\n<meta property=\"og:type\" content=\"article\" \/>\n<meta property=\"og:title\" content=\"Blog - Finca Es Mayolet\" \/>\n<meta property=\"og:description\" content=\"Blog de Es Mayolet con historias, experiencias y vida en la finca para inspirarte a vivir Mallorca con calma y autenticidad.\" \/>\n<meta property=\"og:url\" content=\"https:\/\/esmayolet.com\/de\/blog\/\" \/>\n<meta property=\"og:site_name\" content=\"Finca Es Mayolet\" \/>\n<meta property=\"article:publisher\" content=\"https:\/\/www.facebook.com\/people\/Finca-Es-Mayolet\/\" \/>\n<meta property=\"article:modified_time\" content=\"2026-04-24T15:29:43+00:00\" \/>\n<meta name=\"twitter:card\" content=\"summary_large_image\" \/>\n<meta name=\"twitter:label1\" content=\"Gesch\u00e4tzte Lesezeit\" \/>\n\t<meta name=\"twitter:data1\" content=\"3\u00a0Minuten\" \/>\n<script type=\"application\/ld+json\" class=\"yoast-schema-graph\">{\"@context\":\"https:\\\/\\\/schema.org\",\"@graph\":[{\"@type\":\"WebPage\",\"@id\":\"https:\\\/\\\/esmayolet.com\\\/blog\\\/\",\"url\":\"https:\\\/\\\/esmayolet.com\\\/blog\\\/\",\"name\":\"Blog - Finca Es Mayolet\",\"isPartOf\":{\"@id\":\"https:\\\/\\\/esmayolet.com\\\/#website\"},\"datePublished\":\"2025-12-18T15:47:44+00:00\",\"dateModified\":\"2026-04-24T15:29:43+00:00\",\"description\":\"Blog de Es Mayolet con historias, experiencias y vida en la finca para inspirarte a vivir Mallorca con calma y autenticidad.\",\"breadcrumb\":{\"@id\":\"https:\\\/\\\/esmayolet.com\\\/blog\\\/#breadcrumb\"},\"inLanguage\":\"de\",\"potentialAction\":[{\"@type\":\"ReadAction\",\"target\":[\"https:\\\/\\\/esmayolet.com\\\/blog\\\/\"]}]},{\"@type\":\"BreadcrumbList\",\"@id\":\"https:\\\/\\\/esmayolet.com\\\/blog\\\/#breadcrumb\",\"itemListElement\":[{\"@type\":\"ListItem\",\"position\":1,\"name\":\"Portada\",\"item\":\"https:\\\/\\\/esmayolet.com\\\/\"},{\"@type\":\"ListItem\",\"position\":2,\"name\":\"Blog\"}]},{\"@type\":\"WebSite\",\"@id\":\"https:\\\/\\\/esmayolet.com\\\/#website\",\"url\":\"https:\\\/\\\/esmayolet.com\\\/\",\"name\":\"Finca Es Mayolet\",\"description\":\"Agroturismo con encanto en Mallorca.\",\"publisher\":{\"@id\":\"https:\\\/\\\/esmayolet.com\\\/#organization\"},\"potentialAction\":[{\"@type\":\"SearchAction\",\"target\":{\"@type\":\"EntryPoint\",\"urlTemplate\":\"https:\\\/\\\/esmayolet.com\\\/?s={search_term_string}\"},\"query-input\":{\"@type\":\"PropertyValueSpecification\",\"valueRequired\":true,\"valueName\":\"search_term_string\"}}],\"inLanguage\":\"de\"},{\"@type\":\"Organization\",\"@id\":\"https:\\\/\\\/esmayolet.com\\\/#organization\",\"name\":\"Finca Es Mayolet\",\"url\":\"https:\\\/\\\/esmayolet.com\\\/\",\"logo\":{\"@type\":\"ImageObject\",\"inLanguage\":\"de\",\"@id\":\"https:\\\/\\\/esmayolet.com\\\/#\\\/schema\\\/logo\\\/image\\\/\",\"url\":\"https:\\\/\\\/esmayolet.com\\\/wp-content\\\/uploads\\\/2026\\\/01\\\/cropped-SVG_MAYOLET_AZUL.png\",\"contentUrl\":\"https:\\\/\\\/esmayolet.com\\\/wp-content\\\/uploads\\\/2026\\\/01\\\/cropped-SVG_MAYOLET_AZUL.png\",\"width\":435,\"height\":383,\"caption\":\"Finca Es Mayolet\"},\"image\":{\"@id\":\"https:\\\/\\\/esmayolet.com\\\/#\\\/schema\\\/logo\\\/image\\\/\"},\"sameAs\":[\"https:\\\/\\\/www.facebook.com\\\/people\\\/Finca-Es-Mayolet\\\/\"]}]}<\/script>\n<!-- \/ Yoast SEO plugin. -->","yoast_head_json":{"title":"Blog - Finca Es Mayolet","description":"Es Mayolet's Blog mit Geschichten, Erfahrungen und dem Leben auf der Finca, um Sie zu inspirieren, Mallorca ruhig und authentisch zu leben.","robots":{"index":"index","follow":"follow","max-snippet":"max-snippet:-1","max-image-preview":"max-image-preview:large","max-video-preview":"max-video-preview:-1"},"canonical":"https:\/\/esmayolet.com\/de\/blog\/","og_locale":"de_DE","og_type":"article","og_title":"Blog - Finca Es Mayolet","og_description":"Blog de Es Mayolet con historias, experiencias y vida en la finca para inspirarte a vivir Mallorca con calma y autenticidad.","og_url":"https:\/\/esmayolet.com\/de\/blog\/","og_site_name":"Finca Es Mayolet","article_publisher":"https:\/\/www.facebook.com\/people\/Finca-Es-Mayolet\/","article_modified_time":"2026-04-24T15:29:43+00:00","twitter_card":"summary_large_image","twitter_misc":{"Gesch\u00e4tzte Lesezeit":"3\u00a0Minuten"},"schema":{"@context":"https:\/\/schema.org","@graph":[{"@type":"WebPage","@id":"https:\/\/esmayolet.com\/blog\/","url":"https:\/\/esmayolet.com\/blog\/","name":"Blog - Finca Es Mayolet","isPartOf":{"@id":"https:\/\/esmayolet.com\/#website"},"datePublished":"2025-12-18T15:47:44+00:00","dateModified":"2026-04-24T15:29:43+00:00","description":"Es Mayolet's Blog mit Geschichten, Erfahrungen und dem Leben auf der Finca, um Sie zu inspirieren, Mallorca ruhig und authentisch zu leben.","breadcrumb":{"@id":"https:\/\/esmayolet.com\/blog\/#breadcrumb"},"inLanguage":"de","potentialAction":[{"@type":"ReadAction","target":["https:\/\/esmayolet.com\/blog\/"]}]},{"@type":"BreadcrumbList","@id":"https:\/\/esmayolet.com\/blog\/#breadcrumb","itemListElement":[{"@type":"ListItem","position":1,"name":"Portada","item":"https:\/\/esmayolet.com\/"},{"@type":"ListItem","position":2,"name":"Blog"}]},{"@type":"WebSite","@id":"https:\/\/esmayolet.com\/#website","url":"https:\/\/esmayolet.com\/","name":"Landgut Es Mayolet","description":"Charmanter Agrotourismus auf Mallorca.","publisher":{"@id":"https:\/\/esmayolet.com\/#organization"},"potentialAction":[{"@type":"SearchAction","target":{"@type":"EntryPoint","urlTemplate":"https:\/\/esmayolet.com\/?s={search_term_string}"},"query-input":{"@type":"PropertyValueSpecification","valueRequired":true,"valueName":"search_term_string"}}],"inLanguage":"de"},{"@type":"Organization","@id":"https:\/\/esmayolet.com\/#organization","name":"Landgut Es Mayolet","url":"https:\/\/esmayolet.com\/","logo":{"@type":"ImageObject","inLanguage":"de","@id":"https:\/\/esmayolet.com\/#\/schema\/logo\/image\/","url":"https:\/\/esmayolet.com\/wp-content\/uploads\/2026\/01\/cropped-SVG_MAYOLET_AZUL.png","contentUrl":"https:\/\/esmayolet.com\/wp-content\/uploads\/2026\/01\/cropped-SVG_MAYOLET_AZUL.png","width":435,"height":383,"caption":"Finca Es Mayolet"},"image":{"@id":"https:\/\/esmayolet.com\/#\/schema\/logo\/image\/"},"sameAs":["https:\/\/www.facebook.com\/people\/Finca-Es-Mayolet\/"]}]}},"_links":{"self":[{"href":"https:\/\/esmayolet.com\/de\/wp-json\/wp\/v2\/pages\/868","targetHints":{"allow":["GET"]}}],"collection":[{"href":"https:\/\/esmayolet.com\/de\/wp-json\/wp\/v2\/pages"}],"about":[{"href":"https:\/\/esmayolet.com\/de\/wp-json\/wp\/v2\/types\/page"}],"author":[{"embeddable":true,"href":"https:\/\/esmayolet.com\/de\/wp-json\/wp\/v2\/users\/1"}],"replies":[{"embeddable":true,"href":"https:\/\/esmayolet.com\/de\/wp-json\/wp\/v2\/comments?post=868"}],"version-history":[{"count":56,"href":"https:\/\/esmayolet.com\/de\/wp-json\/wp\/v2\/pages\/868\/revisions"}],"predecessor-version":[{"id":5003,"href":"https:\/\/esmayolet.com\/de\/wp-json\/wp\/v2\/pages\/868\/revisions\/5003"}],"wp:attachment":[{"href":"https:\/\/esmayolet.com\/de\/wp-json\/wp\/v2\/media?parent=868"}],"curies":[{"name":"wp","href":"https:\/\/api.w.org\/{rel}","templated":true}]}}