{"id":4955,"date":"2026-04-24T15:09:38","date_gmt":"2026-04-24T15:09:38","guid":{"rendered":"https:\/\/esmayolet.com\/?page_id=4955"},"modified":"2026-04-24T15:12:37","modified_gmt":"2026-04-24T15:12:37","slug":"galerie","status":"publish","type":"page","link":"https:\/\/esmayolet.com\/de\/galeria\/","title":{"rendered":"Galerie"},"content":{"rendered":"<div data-elementor-type=\"wp-page\" data-elementor-id=\"4955\" class=\"elementor elementor-4955\" data-elementor-post-type=\"page\">\n\t\t\t\t<div class=\"elementor-element elementor-element-17b3af0e e-flex e-con-boxed wpr-particle-no wpr-jarallax-no wpr-parallax-no wpr-sticky-section-no wpr-equal-height-no e-con e-parent\" data-id=\"17b3af0e\" data-element_type=\"container\" data-e-type=\"container\" data-settings=\"{&quot;background_background&quot;:&quot;classic&quot;}\">\n\t\t\t\t\t<div class=\"e-con-inner\">\n\t\t<div class=\"elementor-element elementor-element-59d427a5 e-flex e-con-boxed wpr-particle-no wpr-jarallax-no wpr-parallax-no wpr-sticky-section-no wpr-equal-height-no e-con e-child\" data-id=\"59d427a5\" data-element_type=\"container\" data-e-type=\"container\">\n\t\t\t\t\t<div class=\"e-con-inner\">\n\t\t\t\t<div class=\"elementor-element elementor-element-5d459b8 elementor-widget elementor-widget-heading\" data-id=\"5d459b8\" data-element_type=\"widget\" data-e-type=\"widget\" data-widget_type=\"heading.default\">\n\t\t\t\t<div class=\"elementor-widget-container\">\n\t\t\t\t\t<h1 class=\"elementor-heading-title elementor-size-default\">Galerie<\/h1>\t\t\t\t<\/div>\n\t\t\t\t<\/div>\n\t\t\t\t\t<\/div>\n\t\t\t\t<\/div>\n\t\t\t\t\t<\/div>\n\t\t\t\t<\/div>\n\t\t<div class=\"elementor-element elementor-element-3019187c e-flex e-con-boxed wpr-particle-no wpr-jarallax-no wpr-parallax-no wpr-sticky-section-no wpr-equal-height-no e-con e-parent\" data-id=\"3019187c\" data-element_type=\"container\" data-e-type=\"container\" data-settings=\"{&quot;background_background&quot;:&quot;classic&quot;}\">\n\t\t\t\t\t<div class=\"e-con-inner\">\n\t\t<div class=\"elementor-element elementor-element-1085b4cc e-con-full e-flex wpr-particle-no wpr-jarallax-no wpr-parallax-no wpr-sticky-section-no wpr-equal-height-no e-con e-child\" data-id=\"1085b4cc\" data-element_type=\"container\" data-e-type=\"container\">\n\t\t\t\t<div class=\"elementor-element elementor-element-5a2bac30 elementor-widget elementor-widget-menu-anchor\" data-id=\"5a2bac30\" data-element_type=\"widget\" data-e-type=\"widget\" data-widget_type=\"menu-anchor.default\">\n\t\t\t\t<div class=\"elementor-widget-container\">\n\t\t\t\t\t\t\t<div class=\"elementor-menu-anchor\" id=\"galeria\"><\/div>\n\t\t\t\t\t\t<\/div>\n\t\t\t\t<\/div>\n\t\t\t\t<div class=\"elementor-element elementor-element-11cdcbf6 elementor-widget elementor-widget-heading\" data-id=\"11cdcbf6\" data-element_type=\"widget\" data-e-type=\"widget\" data-widget_type=\"heading.default\">\n\t\t\t\t<div class=\"elementor-widget-container\">\n\t\t\t\t\t<h2 class=\"elementor-heading-title elementor-size-default\">Entdecken Sie das Mayolet-Erlebnis in Bildern<\/h2>\t\t\t\t<\/div>\n\t\t\t\t<\/div>\n\t\t\t\t<div class=\"elementor-element elementor-element-54c44a54 elementor-widget elementor-widget-text-editor\" data-id=\"54c44a54\" data-element_type=\"widget\" data-e-type=\"widget\" data-widget_type=\"text-editor.default\">\n\t\t\t\t<div class=\"elementor-widget-container\">\n\t\t\t\t\t\t\t\t\t<p data-start=\"1162\" data-end=\"1334\">In Mayolet erz\u00e4hlt jede Ecke eine Geschichte. Diese Galerie f\u00e4ngt die Essenz unseres Agrotourismus auf Mallorca ein, wo Natur, Ruhe und Authentizit\u00e4t bei jedem Aufenthalt im Mittelpunkt stehen.<\/p>\t\t\t\t\t\t\t\t<\/div>\n\t\t\t\t<\/div>\n\t\t<div class=\"elementor-element elementor-element-73e6260f e-con-full e-flex wpr-particle-no wpr-jarallax-no wpr-parallax-no wpr-sticky-section-no wpr-equal-height-no e-con e-child\" data-id=\"73e6260f\" data-element_type=\"container\" data-e-type=\"container\">\n\t\t\t\t<div class=\"elementor-element elementor-element-71800e68 elementor-widget elementor-widget-gallery\" data-id=\"71800e68\" data-element_type=\"widget\" data-e-type=\"widget\" data-settings=\"{&quot;gallery_layout&quot;:&quot;masonry&quot;,&quot;columns&quot;:3,&quot;lazyload&quot;:&quot;yes&quot;,&quot;columns_tablet&quot;:2,&quot;columns_mobile&quot;:1,&quot;gap&quot;:{&quot;unit&quot;:&quot;px&quot;,&quot;size&quot;:10,&quot;sizes&quot;:[]},&quot;gap_tablet&quot;:{&quot;unit&quot;:&quot;px&quot;,&quot;size&quot;:10,&quot;sizes&quot;:[]},&quot;gap_mobile&quot;:{&quot;unit&quot;:&quot;px&quot;,&quot;size&quot;:10,&quot;sizes&quot;:[]},&quot;content_hover_animation&quot;:&quot;fade-in&quot;}\" data-widget_type=\"gallery.default\">\n\t\t\t\t<div class=\"elementor-widget-container\">\n\t\t\t\t\t\t\t<div class=\"elementor-gallery__container\">\n\t\t\t\t\t\t\t<div class=\"e-gallery-item elementor-gallery-item elementor-animated-content\">\n\t\t\t\t\t<div class=\"e-gallery-image elementor-gallery-item__image\" data-thumbnail=\"https:\/\/esmayolet.com\/wp-content\/uploads\/2026\/04\/agroturismo-mayolet-mallorca-finca-rural.jpg\" data-width=\"1000\" data-height=\"1250\" aria-label=\"\" role=\"img\" ><\/div>\n\t\t\t\t\t\t\t\t\t\t\t\t\t\t<\/div>\n\t\t\t\t\t\t\t<div class=\"e-gallery-item elementor-gallery-item elementor-animated-content\">\n\t\t\t\t\t<div class=\"e-gallery-image elementor-gallery-item__image\" data-thumbnail=\"https:\/\/esmayolet.com\/wp-content\/uploads\/2026\/04\/comida-agroturismo-mallorca-mayolet.jpg\" data-width=\"1000\" data-height=\"1250\" aria-label=\"\" role=\"img\" ><\/div>\n\t\t\t\t\t\t\t\t\t\t\t\t\t\t<\/div>\n\t\t\t\t\t\t\t<div class=\"e-gallery-item elementor-gallery-item elementor-animated-content\">\n\t\t\t\t\t<div class=\"e-gallery-image elementor-gallery-item__image\" data-thumbnail=\"https:\/\/esmayolet.com\/wp-content\/uploads\/2026\/04\/agroturismo-mallorca-rural.jpg\" data-width=\"1000\" data-height=\"1250\" aria-label=\"\" role=\"img\" ><\/div>\n\t\t\t\t\t\t\t\t\t\t\t\t\t\t<\/div>\n\t\t\t\t\t\t\t<div class=\"e-gallery-item elementor-gallery-item elementor-animated-content\">\n\t\t\t\t\t<div class=\"e-gallery-image elementor-gallery-item__image\" data-thumbnail=\"https:\/\/esmayolet.com\/wp-content\/uploads\/2026\/04\/experiencia-mayolet-finca-rural-mallorca.jpg\" data-width=\"1000\" data-height=\"1250\" aria-label=\"\" role=\"img\" ><\/div>\n\t\t\t\t\t\t\t\t\t\t\t\t\t\t<\/div>\n\t\t\t\t\t\t\t<div class=\"e-gallery-item elementor-gallery-item elementor-animated-content\">\n\t\t\t\t\t<div class=\"e-gallery-image elementor-gallery-item__image\" data-thumbnail=\"https:\/\/esmayolet.com\/wp-content\/uploads\/2026\/04\/gastronomia-agroturismo-mallorca-mayolet.jpg\" data-width=\"1000\" data-height=\"1250\" aria-label=\"\" role=\"img\" ><\/div>\n\t\t\t\t\t\t\t\t\t\t\t\t\t\t<\/div>\n\t\t\t\t\t\t\t<div class=\"e-gallery-item elementor-gallery-item elementor-animated-content\">\n\t\t\t\t\t<div class=\"e-gallery-image elementor-gallery-item__image\" data-thumbnail=\"https:\/\/esmayolet.com\/wp-content\/uploads\/2026\/04\/gastronomia-hotel-rural-mayolet.jpg\" data-width=\"1000\" data-height=\"1250\" aria-label=\"\" role=\"img\" ><\/div>\n\t\t\t\t\t\t\t\t\t\t\t\t\t\t<\/div>\n\t\t\t\t\t\t\t<div class=\"e-gallery-item elementor-gallery-item elementor-animated-content\">\n\t\t\t\t\t<div class=\"e-gallery-image elementor-gallery-item__image\" data-thumbnail=\"https:\/\/esmayolet.com\/wp-content\/uploads\/2026\/04\/naturaleza-hotel-rural-mallorca.jpg\" data-width=\"1000\" data-height=\"1250\" aria-label=\"\" role=\"img\" ><\/div>\n\t\t\t\t\t\t\t\t\t\t\t\t\t\t<\/div>\n\t\t\t\t\t\t\t<div class=\"e-gallery-item elementor-gallery-item elementor-animated-content\">\n\t\t\t\t\t<div class=\"e-gallery-image elementor-gallery-item__image\" data-thumbnail=\"https:\/\/esmayolet.com\/wp-content\/uploads\/2026\/04\/experiencias-agroturismo-mallorca-mayolet.jpg\" data-width=\"1000\" data-height=\"1250\" aria-label=\"\" role=\"img\" ><\/div>\n\t\t\t\t\t\t\t\t\t\t\t\t\t\t<\/div>\n\t\t\t\t\t\t\t<div class=\"e-gallery-item elementor-gallery-item elementor-animated-content\">\n\t\t\t\t\t<div class=\"e-gallery-image elementor-gallery-item__image\" data-thumbnail=\"https:\/\/esmayolet.com\/wp-content\/uploads\/2026\/04\/experiencias-en-agroturismo-mayolet-mallorca.png\" data-width=\"1000\" data-height=\"1250\" aria-label=\"\" role=\"img\" ><\/div>\n\t\t\t\t\t\t\t\t\t\t\t\t\t\t<\/div>\n\t\t\t\t\t\t\t<div class=\"e-gallery-item elementor-gallery-item elementor-animated-content\">\n\t\t\t\t\t<div class=\"e-gallery-image elementor-gallery-item__image\" data-thumbnail=\"https:\/\/esmayolet.com\/wp-content\/uploads\/2026\/04\/agroturismo-mallorca-finca-hotel.jpg\" data-width=\"1000\" data-height=\"1250\" aria-label=\"\" role=\"img\" ><\/div>\n\t\t\t\t\t\t\t\t\t\t\t\t\t\t<\/div>\n\t\t\t\t\t\t\t<div class=\"e-gallery-item elementor-gallery-item elementor-animated-content\">\n\t\t\t\t\t<div class=\"e-gallery-image elementor-gallery-item__image\" data-thumbnail=\"https:\/\/esmayolet.com\/wp-content\/uploads\/2026\/04\/finca-agroturismo-mallorca.jpg\" data-width=\"1000\" data-height=\"1250\" aria-label=\"\" role=\"img\" ><\/div>\n\t\t\t\t\t\t\t\t\t\t\t\t\t\t<\/div>\n\t\t\t\t\t\t\t<div class=\"e-gallery-item elementor-gallery-item elementor-animated-content\">\n\t\t\t\t\t<div class=\"e-gallery-image elementor-gallery-item__image\" data-thumbnail=\"https:\/\/esmayolet.com\/wp-content\/uploads\/2026\/04\/finca-rustica-hotel-mallorca.jpg\" data-width=\"1000\" data-height=\"1250\" aria-label=\"\" role=\"img\" ><\/div>\n\t\t\t\t\t\t\t\t\t\t\t\t\t\t<\/div>\n\t\t\t\t\t<\/div>\n\t\t\t\t\t<\/div>\n\t\t\t\t<\/div>\n\t\t\t\t<\/div>\n\t\t\t\t<\/div>\n\t\t\t\t\t<\/div>\n\t\t\t\t<\/div>\n\t\t<div class=\"elementor-element elementor-element-4f87d256 e-flex e-con-boxed wpr-particle-no wpr-jarallax-no wpr-parallax-no wpr-sticky-section-no wpr-equal-height-no e-con e-parent\" data-id=\"4f87d256\" data-element_type=\"container\" data-e-type=\"container\" data-settings=\"{&quot;background_background&quot;:&quot;classic&quot;}\">\n\t\t\t\t\t<div class=\"e-con-inner\">\n\t\t<div class=\"elementor-element elementor-element-4a5ae856 e-con-full e-flex wpr-particle-no wpr-jarallax-no wpr-parallax-no wpr-sticky-section-no wpr-equal-height-no elementor-invisible e-con e-child\" data-id=\"4a5ae856\" data-element_type=\"container\" data-e-type=\"container\" data-settings=\"{&quot;animation&quot;:&quot;fadeIn&quot;}\">\n\t\t\t\t<div class=\"elementor-element elementor-element-ca3c684 elementor-widget elementor-widget-heading\" data-id=\"ca3c684\" data-element_type=\"widget\" data-e-type=\"widget\" data-widget_type=\"heading.default\">\n\t\t\t\t<div class=\"elementor-widget-container\">\n\t\t\t\t\t<h2 class=\"elementor-heading-title elementor-size-default\">Ihr Agriturismo auf Mallorca<\/h2>\t\t\t\t<\/div>\n\t\t\t\t<\/div>\n\t\t\t\t<div class=\"elementor-element elementor-element-44efd8fb elementor-widget elementor-widget-text-editor\" data-id=\"44efd8fb\" data-element_type=\"widget\" data-e-type=\"widget\" data-widget_type=\"text-editor.default\">\n\t\t\t\t<div class=\"elementor-widget-container\">\n\t\t\t\t\t\t\t\t\t<p>Entdecken Sie eine andere Art zu reisen. Ein Ort, an dem die Zeit stillzustehen scheint, die Natur den Rhythmus vorgibt und jeder Aufenthalt zu einem authentischen Erlebnis wird.<\/p>\t\t\t\t\t\t\t\t<\/div>\n\t\t\t\t<\/div>\n\t\t\t\t<div class=\"elementor-element elementor-element-58001ff7 elementor-mobile-align-left elementor-align-center elementor-widget elementor-widget-button\" data-id=\"58001ff7\" data-element_type=\"widget\" data-e-type=\"widget\" data-widget_type=\"button.default\">\n\t\t\t\t<div class=\"elementor-widget-container\">\n\t\t\t\t\t\t\t\t\t<div class=\"elementor-button-wrapper\">\n\t\t\t\t\t<a class=\"elementor-button elementor-button-link elementor-size-sm\" href=\"https:\/\/reservas.esmayolet.com\/es\/hotel\/esmayolet?adultos=2&#038;fini=10-04-2026&#038;fout=11-04-2026&#038;_gl=1*1mulbcp*_gcl_au*MjU3MDE4MjQ3LjE3NzMwMDIxNDguMjA4Njk1MTg2NC4xNzc0NTM4MDU5LjE3NzQ1MzgwOTM.\">\n\t\t\t\t\t\t<span class=\"elementor-button-content-wrapper\">\n\t\t\t\t\t\t\t\t\t<span class=\"elementor-button-text\">Jetzt buchen<\/span>\n\t\t\t\t\t<\/span>\n\t\t\t\t\t<\/a>\n\t\t\t\t<\/div>\n\t\t\t\t\t\t\t\t<\/div>\n\t\t\t\t<\/div>\n\t\t\t\t<\/div>\n\t\t\t\t\t<\/div>\n\t\t\t\t<\/div>\n\t\t\t\t<\/div>","protected":false},"excerpt":{"rendered":"<p>Galerie: Entdecken Sie Mayolet in Bildern. In Mayolet erz\u00e4hlt jede Ecke eine Geschichte. Diese Galerie f\u00e4ngt die Essenz unseres Agriturismo auf Mallorca ein, wo Natur, Ruhe und Authentizit\u00e4t bei jedem Aufenthalt im Mittelpunkt stehen. Ihr Agriturismo auf Mallorca: Entdecken Sie eine andere Art zu reisen. Ein Ort, an dem die Zeit stillzustehen scheint, die Natur den Rhythmus vorgibt und jeder Aufenthalt zu einem authentischen Erlebnis wird. Jetzt buchen<\/p>","protected":false},"author":3,"featured_media":0,"parent":0,"menu_order":0,"comment_status":"closed","ping_status":"closed","template":"","meta":{"postBodyCss":"","postBodyMargin":[],"postBodyPadding":[],"postBodyBackground":{"backgroundType":"classic","gradient":""},"_joinchat":[],"footnotes":""},"class_list":["post-4955","page","type-page","status-publish","hentry"],"yoast_head":"<!-- This site is optimized with the Yoast SEO plugin v27.4 - https:\/\/yoast.com\/product\/yoast-seo-wordpress\/ -->\n<title>Galer\u00eda - Finca Es Mayolet<\/title>\n<meta name=\"robots\" content=\"index, follow, max-snippet:-1, max-image-preview:large, max-video-preview:-1\" \/>\n<link rel=\"canonical\" href=\"https:\/\/esmayolet.com\/de\/galerie\/\" \/>\n<meta property=\"og:locale\" content=\"de_DE\" \/>\n<meta property=\"og:type\" content=\"article\" \/>\n<meta property=\"og:title\" content=\"Galer\u00eda - Finca Es Mayolet\" \/>\n<meta property=\"og:description\" content=\"Galer\u00eda Descubre la Experiencia Mayolet en Im\u00e1genes En Mayolet, cada rinc\u00f3n cuenta una historia. Esta galer\u00eda recoge la esencia de nuestro agroturismo en Mallorca, donde la naturaleza, la calma y la autenticidad se convierten en protagonistas de cada estancia. Tu Agroturismo en Mallorca Descubre una forma diferente de viajar. Un lugar donde el tiempo se detiene, la naturaleza marca el ritmo y cada estancia se convierte en una experiencia aut\u00e9ntica. Reservar Ahora\" \/>\n<meta property=\"og:url\" content=\"https:\/\/esmayolet.com\/de\/galerie\/\" \/>\n<meta property=\"og:site_name\" content=\"Finca Es Mayolet\" \/>\n<meta property=\"article:publisher\" content=\"https:\/\/www.facebook.com\/people\/Finca-Es-Mayolet\/\" \/>\n<meta property=\"article:modified_time\" content=\"2026-04-24T15:12:37+00:00\" \/>\n<meta name=\"twitter:card\" content=\"summary_large_image\" \/>\n<meta name=\"twitter:label1\" content=\"Gesch\u00e4tzte Lesezeit\" \/>\n\t<meta name=\"twitter:data1\" content=\"1\u00a0Minute\" \/>\n<script type=\"application\/ld+json\" class=\"yoast-schema-graph\">{\"@context\":\"https:\\\/\\\/schema.org\",\"@graph\":[{\"@type\":\"WebPage\",\"@id\":\"https:\\\/\\\/esmayolet.com\\\/galeria\\\/\",\"url\":\"https:\\\/\\\/esmayolet.com\\\/galeria\\\/\",\"name\":\"Galer\u00eda - Finca Es Mayolet\",\"isPartOf\":{\"@id\":\"https:\\\/\\\/esmayolet.com\\\/#website\"},\"datePublished\":\"2026-04-24T15:09:38+00:00\",\"dateModified\":\"2026-04-24T15:12:37+00:00\",\"breadcrumb\":{\"@id\":\"https:\\\/\\\/esmayolet.com\\\/galeria\\\/#breadcrumb\"},\"inLanguage\":\"de\",\"potentialAction\":[{\"@type\":\"ReadAction\",\"target\":[\"https:\\\/\\\/esmayolet.com\\\/galeria\\\/\"]}]},{\"@type\":\"BreadcrumbList\",\"@id\":\"https:\\\/\\\/esmayolet.com\\\/galeria\\\/#breadcrumb\",\"itemListElement\":[{\"@type\":\"ListItem\",\"position\":1,\"name\":\"Portada\",\"item\":\"https:\\\/\\\/esmayolet.com\\\/\"},{\"@type\":\"ListItem\",\"position\":2,\"name\":\"Galer\u00eda\"}]},{\"@type\":\"WebSite\",\"@id\":\"https:\\\/\\\/esmayolet.com\\\/#website\",\"url\":\"https:\\\/\\\/esmayolet.com\\\/\",\"name\":\"Finca Es Mayolet\",\"description\":\"Agroturismo con encanto en Mallorca.\",\"publisher\":{\"@id\":\"https:\\\/\\\/esmayolet.com\\\/#organization\"},\"potentialAction\":[{\"@type\":\"SearchAction\",\"target\":{\"@type\":\"EntryPoint\",\"urlTemplate\":\"https:\\\/\\\/esmayolet.com\\\/?s={search_term_string}\"},\"query-input\":{\"@type\":\"PropertyValueSpecification\",\"valueRequired\":true,\"valueName\":\"search_term_string\"}}],\"inLanguage\":\"de\"},{\"@type\":\"Organization\",\"@id\":\"https:\\\/\\\/esmayolet.com\\\/#organization\",\"name\":\"Finca Es Mayolet\",\"url\":\"https:\\\/\\\/esmayolet.com\\\/\",\"logo\":{\"@type\":\"ImageObject\",\"inLanguage\":\"de\",\"@id\":\"https:\\\/\\\/esmayolet.com\\\/#\\\/schema\\\/logo\\\/image\\\/\",\"url\":\"https:\\\/\\\/esmayolet.com\\\/wp-content\\\/uploads\\\/2026\\\/01\\\/cropped-SVG_MAYOLET_AZUL.png\",\"contentUrl\":\"https:\\\/\\\/esmayolet.com\\\/wp-content\\\/uploads\\\/2026\\\/01\\\/cropped-SVG_MAYOLET_AZUL.png\",\"width\":435,\"height\":383,\"caption\":\"Finca Es Mayolet\"},\"image\":{\"@id\":\"https:\\\/\\\/esmayolet.com\\\/#\\\/schema\\\/logo\\\/image\\\/\"},\"sameAs\":[\"https:\\\/\\\/www.facebook.com\\\/people\\\/Finca-Es-Mayolet\\\/\"]}]}<\/script>\n<!-- \/ Yoast SEO plugin. -->","yoast_head_json":{"title":"Galerie \u2013 Es Mayolet Estate","robots":{"index":"index","follow":"follow","max-snippet":"max-snippet:-1","max-image-preview":"max-image-preview:large","max-video-preview":"max-video-preview:-1"},"canonical":"https:\/\/esmayolet.com\/de\/galerie\/","og_locale":"de_DE","og_type":"article","og_title":"Galer\u00eda - Finca Es Mayolet","og_description":"Galer\u00eda Descubre la Experiencia Mayolet en Im\u00e1genes En Mayolet, cada rinc\u00f3n cuenta una historia. Esta galer\u00eda recoge la esencia de nuestro agroturismo en Mallorca, donde la naturaleza, la calma y la autenticidad se convierten en protagonistas de cada estancia. Tu Agroturismo en Mallorca Descubre una forma diferente de viajar. Un lugar donde el tiempo se detiene, la naturaleza marca el ritmo y cada estancia se convierte en una experiencia aut\u00e9ntica. Reservar Ahora","og_url":"https:\/\/esmayolet.com\/de\/galerie\/","og_site_name":"Finca Es Mayolet","article_publisher":"https:\/\/www.facebook.com\/people\/Finca-Es-Mayolet\/","article_modified_time":"2026-04-24T15:12:37+00:00","twitter_card":"summary_large_image","twitter_misc":{"Gesch\u00e4tzte Lesezeit":"1\u00a0Minute"},"schema":{"@context":"https:\/\/schema.org","@graph":[{"@type":"WebPage","@id":"https:\/\/esmayolet.com\/galeria\/","url":"https:\/\/esmayolet.com\/galeria\/","name":"Galerie \u2013 Es Mayolet Estate","isPartOf":{"@id":"https:\/\/esmayolet.com\/#website"},"datePublished":"2026-04-24T15:09:38+00:00","dateModified":"2026-04-24T15:12:37+00:00","breadcrumb":{"@id":"https:\/\/esmayolet.com\/galeria\/#breadcrumb"},"inLanguage":"de","potentialAction":[{"@type":"ReadAction","target":["https:\/\/esmayolet.com\/galeria\/"]}]},{"@type":"BreadcrumbList","@id":"https:\/\/esmayolet.com\/galeria\/#breadcrumb","itemListElement":[{"@type":"ListItem","position":1,"name":"Portada","item":"https:\/\/esmayolet.com\/"},{"@type":"ListItem","position":2,"name":"Galer\u00eda"}]},{"@type":"WebSite","@id":"https:\/\/esmayolet.com\/#website","url":"https:\/\/esmayolet.com\/","name":"Landgut Es Mayolet","description":"Charmanter Agrotourismus auf Mallorca.","publisher":{"@id":"https:\/\/esmayolet.com\/#organization"},"potentialAction":[{"@type":"SearchAction","target":{"@type":"EntryPoint","urlTemplate":"https:\/\/esmayolet.com\/?s={search_term_string}"},"query-input":{"@type":"PropertyValueSpecification","valueRequired":true,"valueName":"search_term_string"}}],"inLanguage":"de"},{"@type":"Organization","@id":"https:\/\/esmayolet.com\/#organization","name":"Landgut Es Mayolet","url":"https:\/\/esmayolet.com\/","logo":{"@type":"ImageObject","inLanguage":"de","@id":"https:\/\/esmayolet.com\/#\/schema\/logo\/image\/","url":"https:\/\/esmayolet.com\/wp-content\/uploads\/2026\/01\/cropped-SVG_MAYOLET_AZUL.png","contentUrl":"https:\/\/esmayolet.com\/wp-content\/uploads\/2026\/01\/cropped-SVG_MAYOLET_AZUL.png","width":435,"height":383,"caption":"Finca Es Mayolet"},"image":{"@id":"https:\/\/esmayolet.com\/#\/schema\/logo\/image\/"},"sameAs":["https:\/\/www.facebook.com\/people\/Finca-Es-Mayolet\/"]}]}},"_links":{"self":[{"href":"https:\/\/esmayolet.com\/de\/wp-json\/wp\/v2\/pages\/4955","targetHints":{"allow":["GET"]}}],"collection":[{"href":"https:\/\/esmayolet.com\/de\/wp-json\/wp\/v2\/pages"}],"about":[{"href":"https:\/\/esmayolet.com\/de\/wp-json\/wp\/v2\/types\/page"}],"author":[{"embeddable":true,"href":"https:\/\/esmayolet.com\/de\/wp-json\/wp\/v2\/users\/3"}],"replies":[{"embeddable":true,"href":"https:\/\/esmayolet.com\/de\/wp-json\/wp\/v2\/comments?post=4955"}],"version-history":[{"count":16,"href":"https:\/\/esmayolet.com\/de\/wp-json\/wp\/v2\/pages\/4955\/revisions"}],"predecessor-version":[{"id":4971,"href":"https:\/\/esmayolet.com\/de\/wp-json\/wp\/v2\/pages\/4955\/revisions\/4971"}],"wp:attachment":[{"href":"https:\/\/esmayolet.com\/de\/wp-json\/wp\/v2\/media?parent=4955"}],"curies":[{"name":"wp","href":"https:\/\/api.w.org\/{rel}","templated":true}]}}